{"id":6184,"date":"2024-04-07T21:53:11","date_gmt":"2024-04-08T02:53:11","guid":{"rendered":"https:\/\/satelitalautomotriz.com\/dercocenter\/?page_id=6184"},"modified":"2025-11-30T19:34:02","modified_gmt":"2025-12-01T00:34:02","slug":"repuestos","status":"publish","type":"page","link":"https:\/\/satelitalautomotriz.com\/dercocenter\/repuestos\/","title":{"rendered":"Repuestos"},"content":{"rendered":"\t\t<div data-elementor-type=\"wp-page\" data-elementor-id=\"6184\" class=\"elementor elementor-6184\" data-elementor-post-type=\"page\">\n\t\t\t\t<div class=\"elementor-element elementor-element-7fed351 e-flex e-con-boxed e-con e-parent\" data-id=\"7fed351\" data-element_type=\"container\">\n\t\t\t\t\t<div class=\"e-con-inner\">\n\t\t<div class=\"elementor-element elementor-element-f9dd5d7 e-con-full e-flex e-con e-child\" data-id=\"f9dd5d7\" data-element_type=\"container\">\n\t\t<div class=\"elementor-element elementor-element-a69a7a4 e-flex e-con-boxed e-con e-child\" data-id=\"a69a7a4\" data-element_type=\"container\" data-settings=\"{&quot;background_background&quot;:&quot;classic&quot;}\">\n\t\t\t\t\t<div class=\"e-con-inner\">\n\t\t\t\t<div class=\"elementor-element elementor-element-ed85ff6 elementor-widget elementor-widget-image\" data-id=\"ed85ff6\" data-element_type=\"widget\" data-widget_type=\"image.default\">\n\t\t\t\t<div class=\"elementor-widget-container\">\n\t\t\t\t\t\t\t\t\t\t\t\t\t<img fetchpriority=\"high\" decoding=\"async\" width=\"512\" height=\"512\" src=\"https:\/\/satelitalautomotriz.com\/dercocenter\/wp-content\/uploads\/2024\/04\/Equipo-Especializado-Convertido.png\" class=\"attachment-full size-full wp-image-6093\" alt=\"\" srcset=\"https:\/\/satelitalautomotriz.com\/dercocenter\/wp-content\/uploads\/2024\/04\/Equipo-Especializado-Convertido.png 512w, https:\/\/satelitalautomotriz.com\/dercocenter\/wp-content\/uploads\/2024\/04\/Equipo-Especializado-Convertido-300x300.png 300w, https:\/\/satelitalautomotriz.com\/dercocenter\/wp-content\/uploads\/2024\/04\/Equipo-Especializado-Convertido-150x150.png 150w, https:\/\/satelitalautomotriz.com\/dercocenter\/wp-content\/uploads\/2024\/04\/Equipo-Especializado-Convertido-100x100.png 100w, https:\/\/satelitalautomotriz.com\/dercocenter\/wp-content\/uploads\/2024\/04\/Equipo-Especializado-Convertido-50x50.png 50w\" sizes=\"(max-width: 512px) 100vw, 512px\" \/>\t\t\t\t\t\t\t\t\t\t\t\t\t<\/div>\n\t\t\t\t<\/div>\n\t\t\t\t<div class=\"elementor-element elementor-element-96f2f75 elementor-widget elementor-widget-heading\" data-id=\"96f2f75\" data-element_type=\"widget\" data-widget_type=\"heading.default\">\n\t\t\t\t<div class=\"elementor-widget-container\">\n\t\t\t<h2 class=\"elementor-heading-title elementor-size-default\">Servicios Posventa<\/h2>\t\t<\/div>\n\t\t\t\t<\/div>\n\t\t\t\t<div class=\"elementor-element elementor-element-9003ddb elementor-widget elementor-widget-heading\" data-id=\"9003ddb\" data-element_type=\"widget\" data-widget_type=\"heading.default\">\n\t\t\t\t<div class=\"elementor-widget-container\">\n\t\t\t<h2 class=\"elementor-heading-title elementor-size-default\">Repuestos  <font color=\"#E20613\">Genuinos<\/font><\/h2>\t\t<\/div>\n\t\t\t\t<\/div>\n\t\t\t\t<div class=\"elementor-element elementor-element-889e529 elementor-widget elementor-widget-text-editor\" data-id=\"889e529\" data-element_type=\"widget\" data-widget_type=\"text-editor.default\">\n\t\t\t\t<div class=\"elementor-widget-container\">\n\t\t\t\t\t\t\t<p>Son todas las piezas suministrados por el fabricante del veh\u00edculo de acuerdo a las necesidades del mismo.<\/p>\t\t\t\t\t\t<\/div>\n\t\t\t\t<\/div>\n\t\t\t\t\t<\/div>\n\t\t\t\t<\/div>\n\t\t\t\t<\/div>\n\t\t<div class=\"elementor-element elementor-element-c6d6323 e-con-full e-flex e-con e-child\" data-id=\"c6d6323\" data-element_type=\"container\">\n\t\t<div class=\"elementor-element elementor-element-4eea4c0 e-flex e-con-boxed e-con e-child\" data-id=\"4eea4c0\" data-element_type=\"container\">\n\t\t\t\t\t<div class=\"e-con-inner\">\n\t\t<div class=\"elementor-element elementor-element-cf12588 e-con-full e-flex e-con e-child\" data-id=\"cf12588\" data-element_type=\"container\" data-settings=\"{&quot;background_background&quot;:&quot;classic&quot;}\">\n\t\t\t\t<div class=\"elementor-element elementor-element-b5e1266 elementor-widget elementor-widget-image\" data-id=\"b5e1266\" data-element_type=\"widget\" data-widget_type=\"image.default\">\n\t\t\t\t<div class=\"elementor-widget-container\">\n\t\t\t\t\t\t\t\t\t\t\t\t\t<img decoding=\"async\" width=\"512\" height=\"512\" src=\"https:\/\/satelitalautomotriz.com\/dercocenter\/wp-content\/uploads\/2024\/04\/iconos-repuestos-certificado.png\" class=\"attachment-full size-full wp-image-6385\" alt=\"\" srcset=\"https:\/\/satelitalautomotriz.com\/dercocenter\/wp-content\/uploads\/2024\/04\/iconos-repuestos-certificado.png 512w, https:\/\/satelitalautomotriz.com\/dercocenter\/wp-content\/uploads\/2024\/04\/iconos-repuestos-certificado-300x300.png 300w, https:\/\/satelitalautomotriz.com\/dercocenter\/wp-content\/uploads\/2024\/04\/iconos-repuestos-certificado-150x150.png 150w, https:\/\/satelitalautomotriz.com\/dercocenter\/wp-content\/uploads\/2024\/04\/iconos-repuestos-certificado-100x100.png 100w, https:\/\/satelitalautomotriz.com\/dercocenter\/wp-content\/uploads\/2024\/04\/iconos-repuestos-certificado-50x50.png 50w\" sizes=\"(max-width: 512px) 100vw, 512px\" \/>\t\t\t\t\t\t\t\t\t\t\t\t\t<\/div>\n\t\t\t\t<\/div>\n\t\t\t\t<div class=\"elementor-element elementor-element-d9481b4 elementor-widget elementor-widget-heading\" data-id=\"d9481b4\" data-element_type=\"widget\" data-widget_type=\"heading.default\">\n\t\t\t\t<div class=\"elementor-widget-container\">\n\t\t\t<h2 class=\"elementor-heading-title elementor-size-default\">Respaldo y Garant\u00eda<\/h2>\t\t<\/div>\n\t\t\t\t<\/div>\n\t\t\t\t<\/div>\n\t\t<div class=\"elementor-element elementor-element-b514039 e-con-full e-flex e-con e-child\" data-id=\"b514039\" data-element_type=\"container\" data-settings=\"{&quot;background_background&quot;:&quot;classic&quot;}\">\n\t\t\t\t<div class=\"elementor-element elementor-element-9a9ba31 elementor-widget elementor-widget-image\" data-id=\"9a9ba31\" data-element_type=\"widget\" data-widget_type=\"image.default\">\n\t\t\t\t<div class=\"elementor-widget-container\">\n\t\t\t\t\t\t\t\t\t\t\t\t\t<img decoding=\"async\" width=\"512\" height=\"512\" src=\"https:\/\/satelitalautomotriz.com\/dercocenter\/wp-content\/uploads\/2024\/04\/iconos-repuestos-precio.png\" class=\"attachment-full size-full wp-image-6382\" alt=\"\" srcset=\"https:\/\/satelitalautomotriz.com\/dercocenter\/wp-content\/uploads\/2024\/04\/iconos-repuestos-precio.png 512w, https:\/\/satelitalautomotriz.com\/dercocenter\/wp-content\/uploads\/2024\/04\/iconos-repuestos-precio-300x300.png 300w, https:\/\/satelitalautomotriz.com\/dercocenter\/wp-content\/uploads\/2024\/04\/iconos-repuestos-precio-150x150.png 150w, https:\/\/satelitalautomotriz.com\/dercocenter\/wp-content\/uploads\/2024\/04\/iconos-repuestos-precio-100x100.png 100w, https:\/\/satelitalautomotriz.com\/dercocenter\/wp-content\/uploads\/2024\/04\/iconos-repuestos-precio-50x50.png 50w\" sizes=\"(max-width: 512px) 100vw, 512px\" \/>\t\t\t\t\t\t\t\t\t\t\t\t\t<\/div>\n\t\t\t\t<\/div>\n\t\t\t\t<div class=\"elementor-element elementor-element-4d2d94c elementor-widget elementor-widget-heading\" data-id=\"4d2d94c\" data-element_type=\"widget\" data-widget_type=\"heading.default\">\n\t\t\t\t<div class=\"elementor-widget-container\">\n\t\t\t<h2 class=\"elementor-heading-title elementor-size-default\">Precio  Justo<\/h2>\t\t<\/div>\n\t\t\t\t<\/div>\n\t\t\t\t<\/div>\n\t\t<div class=\"elementor-element elementor-element-42d573e e-con-full e-flex e-con e-child\" data-id=\"42d573e\" data-element_type=\"container\" data-settings=\"{&quot;background_background&quot;:&quot;classic&quot;}\">\n\t\t\t\t<div class=\"elementor-element elementor-element-a805524 elementor-widget elementor-widget-image\" data-id=\"a805524\" data-element_type=\"widget\" data-widget_type=\"image.default\">\n\t\t\t\t<div class=\"elementor-widget-container\">\n\t\t\t\t\t\t\t\t\t\t\t\t\t<img loading=\"lazy\" decoding=\"async\" width=\"512\" height=\"512\" src=\"https:\/\/satelitalautomotriz.com\/dercocenter\/wp-content\/uploads\/2024\/04\/iconos-repuestos-dimensiones.png\" class=\"attachment-full size-full wp-image-6384\" alt=\"\" srcset=\"https:\/\/satelitalautomotriz.com\/dercocenter\/wp-content\/uploads\/2024\/04\/iconos-repuestos-dimensiones.png 512w, https:\/\/satelitalautomotriz.com\/dercocenter\/wp-content\/uploads\/2024\/04\/iconos-repuestos-dimensiones-300x300.png 300w, https:\/\/satelitalautomotriz.com\/dercocenter\/wp-content\/uploads\/2024\/04\/iconos-repuestos-dimensiones-150x150.png 150w, https:\/\/satelitalautomotriz.com\/dercocenter\/wp-content\/uploads\/2024\/04\/iconos-repuestos-dimensiones-100x100.png 100w, https:\/\/satelitalautomotriz.com\/dercocenter\/wp-content\/uploads\/2024\/04\/iconos-repuestos-dimensiones-50x50.png 50w\" sizes=\"(max-width: 512px) 100vw, 512px\" \/>\t\t\t\t\t\t\t\t\t\t\t\t\t<\/div>\n\t\t\t\t<\/div>\n\t\t\t\t<div class=\"elementor-element elementor-element-91d488f elementor-widget elementor-widget-heading\" data-id=\"91d488f\" data-element_type=\"widget\" data-widget_type=\"heading.default\">\n\t\t\t\t<div class=\"elementor-widget-container\">\n\t\t\t<h2 class=\"elementor-heading-title elementor-size-default\">Dimensiones Exactas<\/h2>\t\t<\/div>\n\t\t\t\t<\/div>\n\t\t\t\t<\/div>\n\t\t<div class=\"elementor-element elementor-element-bece2bb e-con-full e-flex e-con e-child\" data-id=\"bece2bb\" data-element_type=\"container\" data-settings=\"{&quot;background_background&quot;:&quot;classic&quot;}\">\n\t\t\t\t<div class=\"elementor-element elementor-element-f99b508 elementor-widget elementor-widget-image\" data-id=\"f99b508\" data-element_type=\"widget\" data-widget_type=\"image.default\">\n\t\t\t\t<div class=\"elementor-widget-container\">\n\t\t\t\t\t\t\t\t\t\t\t\t\t<img loading=\"lazy\" decoding=\"async\" width=\"512\" height=\"512\" src=\"https:\/\/satelitalautomotriz.com\/dercocenter\/wp-content\/uploads\/2024\/04\/iconos-repuestos-durabilidad.png\" class=\"attachment-full size-full wp-image-6383\" alt=\"\" srcset=\"https:\/\/satelitalautomotriz.com\/dercocenter\/wp-content\/uploads\/2024\/04\/iconos-repuestos-durabilidad.png 512w, https:\/\/satelitalautomotriz.com\/dercocenter\/wp-content\/uploads\/2024\/04\/iconos-repuestos-durabilidad-300x300.png 300w, https:\/\/satelitalautomotriz.com\/dercocenter\/wp-content\/uploads\/2024\/04\/iconos-repuestos-durabilidad-150x150.png 150w, https:\/\/satelitalautomotriz.com\/dercocenter\/wp-content\/uploads\/2024\/04\/iconos-repuestos-durabilidad-100x100.png 100w, https:\/\/satelitalautomotriz.com\/dercocenter\/wp-content\/uploads\/2024\/04\/iconos-repuestos-durabilidad-50x50.png 50w\" sizes=\"(max-width: 512px) 100vw, 512px\" \/>\t\t\t\t\t\t\t\t\t\t\t\t\t<\/div>\n\t\t\t\t<\/div>\n\t\t\t\t<div class=\"elementor-element elementor-element-59b5503 elementor-widget elementor-widget-heading\" data-id=\"59b5503\" data-element_type=\"widget\" data-widget_type=\"heading.default\">\n\t\t\t\t<div class=\"elementor-widget-container\">\n\t\t\t<h2 class=\"elementor-heading-title elementor-size-default\">Mayor Durabilidad<\/h2>\t\t<\/div>\n\t\t\t\t<\/div>\n\t\t\t\t<\/div>\n\t\t\t\t\t<\/div>\n\t\t\t\t<\/div>\n\t\t\t\t<\/div>\n\t\t\t\t\t<\/div>\n\t\t\t\t<\/div>\n\t\t<div class=\"elementor-element elementor-element-90b0965 e-con-full e-flex e-con e-parent\" data-id=\"90b0965\" data-element_type=\"container\" data-settings=\"{&quot;background_background&quot;:&quot;classic&quot;}\">\n\t\t<div class=\"elementor-element elementor-element-91183bc e-flex e-con-boxed e-con e-child\" data-id=\"91183bc\" data-element_type=\"container\">\n\t\t\t\t\t<div class=\"e-con-inner\">\n\t\t\t\t<div class=\"elementor-element elementor-element-937ae45 elementor-widget elementor-widget-heading\" data-id=\"937ae45\" data-element_type=\"widget\" data-widget_type=\"heading.default\">\n\t\t\t\t<div class=\"elementor-widget-container\">\n\t\t\t<h2 class=\"elementor-heading-title elementor-size-default\">\u00bfCu\u00e1les son los repuestos de alta rotaci\u00f3n?<\/h2>\t\t<\/div>\n\t\t\t\t<\/div>\n\t\t\t\t<div class=\"elementor-element elementor-element-78fa522 elementor-widget__width-initial elementor-widget elementor-widget-text-editor\" data-id=\"78fa522\" data-element_type=\"widget\" data-widget_type=\"text-editor.default\">\n\t\t\t\t<div class=\"elementor-widget-container\">\n\t\t\t\t\t\t\t<p>Son aquellos que se cambian peri\u00f3dicamente para mantener la vida \u00fatil de veh\u00edculo.<\/p>\t\t\t\t\t\t<\/div>\n\t\t\t\t<\/div>\n\t\t\t\t\t<\/div>\n\t\t\t\t<\/div>\n\t\t\t\t<\/div>\n\t\t<div class=\"elementor-element elementor-element-9067a84 e-flex e-con-boxed e-con e-parent\" data-id=\"9067a84\" data-element_type=\"container\">\n\t\t\t\t\t<div class=\"e-con-inner\">\n\t\t\t\t<div class=\"elementor-element elementor-element-a8b20cd elementor-widget elementor-widget-image\" data-id=\"a8b20cd\" data-element_type=\"widget\" data-widget_type=\"image.default\">\n\t\t\t\t<div class=\"elementor-widget-container\">\n\t\t\t\t\t\t\t\t\t\t\t\t\t<img loading=\"lazy\" decoding=\"async\" width=\"1639\" height=\"302\" src=\"https:\/\/satelitalautomotriz.com\/dercocenter\/wp-content\/uploads\/2024\/03\/car-24.png\" class=\"attachment-full size-full wp-image-5954\" alt=\"\" srcset=\"https:\/\/satelitalautomotriz.com\/dercocenter\/wp-content\/uploads\/2024\/03\/car-24.png 1639w, https:\/\/satelitalautomotriz.com\/dercocenter\/wp-content\/uploads\/2024\/03\/car-24-300x55.png 300w, https:\/\/satelitalautomotriz.com\/dercocenter\/wp-content\/uploads\/2024\/03\/car-24-1024x189.png 1024w, https:\/\/satelitalautomotriz.com\/dercocenter\/wp-content\/uploads\/2024\/03\/car-24-768x142.png 768w, https:\/\/satelitalautomotriz.com\/dercocenter\/wp-content\/uploads\/2024\/03\/car-24-1536x283.png 1536w, https:\/\/satelitalautomotriz.com\/dercocenter\/wp-content\/uploads\/2024\/03\/car-24-600x111.png 600w\" sizes=\"(max-width: 1639px) 100vw, 1639px\" \/>\t\t\t\t\t\t\t\t\t\t\t\t\t<\/div>\n\t\t\t\t<\/div>\n\t\t\t\t\t<\/div>\n\t\t\t\t<\/div>\n\t\t<div class=\"elementor-element elementor-element-e9d9852 e-flex e-con-boxed e-con e-parent\" data-id=\"e9d9852\" data-element_type=\"container\">\n\t\t\t\t\t<div class=\"e-con-inner\">\n\t\t\t\t<div class=\"elementor-element elementor-element-ceec316 elementor-align-center elementor-widget elementor-widget-button\" data-id=\"ceec316\" data-element_type=\"widget\" data-widget_type=\"button.default\">\n\t\t\t\t<div class=\"elementor-widget-container\">\n\t\t\t\t\t\t\t<div class=\"elementor-button-wrapper\">\n\t\t\t\t\t<a class=\"elementor-button elementor-button-link elementor-size-sm elementor-animation-shrink\" href=\"tel:51%20933%20623%20952\">\n\t\t\t\t\t\t<span class=\"elementor-button-content-wrapper\">\n\t\t\t\t\t\t\t\t\t<span class=\"elementor-button-text\">Cotiza Aqu\u00ed<\/span>\n\t\t\t\t\t<\/span>\n\t\t\t\t\t<\/a>\n\t\t\t\t<\/div>\n\t\t\t\t\t\t<\/div>\n\t\t\t\t<\/div>\n\t\t\t\t\t<\/div>\n\t\t\t\t<\/div>\n\t\t\t\t<\/div>\n\t\t","protected":false},"excerpt":{"rendered":"<p>Servicios Posventa Repuestos Genuinos Son todas las piezas suministrados por el fabricante del veh\u00edculo de acuerdo a las necesidades del mismo. Respaldo y Garant\u00eda Precio Justo Dimensiones Exactas Mayor Durabilidad \u00bfCu\u00e1les son los repuestos de alta rotaci\u00f3n? Son aquellos que se cambian peri\u00f3dicamente para mantener la vida \u00fatil de veh\u00edculo. Cotiza Aqu\u00ed<\/p>\n","protected":false},"author":1,"featured_media":0,"parent":0,"menu_order":0,"comment_status":"closed","ping_status":"closed","template":"","meta":{"_acf_changed":false,"inline_featured_image":false,"footnotes":""},"class_list":["post-6184","page","type-page","status-publish","hentry"],"acf":[],"_links":{"self":[{"href":"https:\/\/satelitalautomotriz.com\/dercocenter\/wp-json\/wp\/v2\/pages\/6184","targetHints":{"allow":["GET"]}}],"collection":[{"href":"https:\/\/satelitalautomotriz.com\/dercocenter\/wp-json\/wp\/v2\/pages"}],"about":[{"href":"https:\/\/satelitalautomotriz.com\/dercocenter\/wp-json\/wp\/v2\/types\/page"}],"author":[{"embeddable":true,"href":"https:\/\/satelitalautomotriz.com\/dercocenter\/wp-json\/wp\/v2\/users\/1"}],"replies":[{"embeddable":true,"href":"https:\/\/satelitalautomotriz.com\/dercocenter\/wp-json\/wp\/v2\/comments?post=6184"}],"version-history":[{"count":3,"href":"https:\/\/satelitalautomotriz.com\/dercocenter\/wp-json\/wp\/v2\/pages\/6184\/revisions"}],"predecessor-version":[{"id":9086,"href":"https:\/\/satelitalautomotriz.com\/dercocenter\/wp-json\/wp\/v2\/pages\/6184\/revisions\/9086"}],"wp:attachment":[{"href":"https:\/\/satelitalautomotriz.com\/dercocenter\/wp-json\/wp\/v2\/media?parent=6184"}],"curies":[{"name":"wp","href":"https:\/\/api.w.org\/{rel}","templated":true}]}}