{"id":6067,"date":"2024-04-05T14:00:49","date_gmt":"2024-04-05T19:00:49","guid":{"rendered":"https:\/\/satelitalautomotriz.com\/dercocenter\/?page_id=6067"},"modified":"2025-11-30T19:37:48","modified_gmt":"2025-12-01T00:37:48","slug":"servicios","status":"publish","type":"page","link":"https:\/\/satelitalautomotriz.com\/dercocenter\/servicios\/","title":{"rendered":"Servicios"},"content":{"rendered":"\t\t<div data-elementor-type=\"wp-page\" data-elementor-id=\"6067\" class=\"elementor elementor-6067\" data-elementor-post-type=\"page\">\n\t\t\t\t<div class=\"elementor-element elementor-element-413f0c1 e-flex e-con-boxed e-con e-parent\" data-id=\"413f0c1\" data-element_type=\"container\">\n\t\t\t\t\t<div class=\"e-con-inner\">\n\t\t<div class=\"elementor-element elementor-element-1859c39 e-con-full e-flex e-con e-child\" data-id=\"1859c39\" data-element_type=\"container\">\n\t\t\t\t<div class=\"elementor-element elementor-element-682aecb elementor-widget elementor-widget-heading\" data-id=\"682aecb\" data-element_type=\"widget\" data-widget_type=\"heading.default\">\n\t\t\t\t<div class=\"elementor-widget-container\">\n\t\t\t<h1 class=\"elementor-heading-title elementor-size-default\">Servicios<\/h1>\t\t<\/div>\n\t\t\t\t<\/div>\n\t\t\t\t<\/div>\n\t\t<div class=\"elementor-element elementor-element-bbe0035 e-grid e-con-boxed e-con e-child\" data-id=\"bbe0035\" data-element_type=\"container\">\n\t\t\t\t\t<div class=\"e-con-inner\">\n\t\t<div class=\"elementor-element elementor-element-ae43b83 e-flex e-con-boxed e-con e-child\" data-id=\"ae43b83\" data-element_type=\"container\" data-settings=\"{&quot;background_background&quot;:&quot;classic&quot;}\">\n\t\t\t\t\t<div class=\"e-con-inner\">\n\t\t\t\t<div class=\"elementor-element elementor-element-5579bee elementor-widget elementor-widget-image\" data-id=\"5579bee\" data-element_type=\"widget\" data-widget_type=\"image.default\">\n\t\t\t\t<div class=\"elementor-widget-container\">\n\t\t\t\t\t\t\t\t\t\t\t\t\t<img fetchpriority=\"high\" decoding=\"async\" width=\"512\" height=\"512\" src=\"https:\/\/satelitalautomotriz.com\/dercocenter\/wp-content\/uploads\/2024\/04\/Equipo-Especializado-Convertido.png\" class=\"attachment-full size-full wp-image-6093\" alt=\"\" srcset=\"https:\/\/satelitalautomotriz.com\/dercocenter\/wp-content\/uploads\/2024\/04\/Equipo-Especializado-Convertido.png 512w, https:\/\/satelitalautomotriz.com\/dercocenter\/wp-content\/uploads\/2024\/04\/Equipo-Especializado-Convertido-300x300.png 300w, https:\/\/satelitalautomotriz.com\/dercocenter\/wp-content\/uploads\/2024\/04\/Equipo-Especializado-Convertido-150x150.png 150w, https:\/\/satelitalautomotriz.com\/dercocenter\/wp-content\/uploads\/2024\/04\/Equipo-Especializado-Convertido-100x100.png 100w, https:\/\/satelitalautomotriz.com\/dercocenter\/wp-content\/uploads\/2024\/04\/Equipo-Especializado-Convertido-50x50.png 50w\" sizes=\"(max-width: 512px) 100vw, 512px\" \/>\t\t\t\t\t\t\t\t\t\t\t\t\t<\/div>\n\t\t\t\t<\/div>\n\t\t\t\t<div class=\"elementor-element elementor-element-9ce9140 elementor-widget elementor-widget-heading\" data-id=\"9ce9140\" data-element_type=\"widget\" data-widget_type=\"heading.default\">\n\t\t\t\t<div class=\"elementor-widget-container\">\n\t\t\t<h2 class=\"elementor-heading-title elementor-size-default\">Equipo <font color=\"#E20613\"><br>Especializado<\/font><\/h2>\t\t<\/div>\n\t\t\t\t<\/div>\n\t\t\t\t<div class=\"elementor-element elementor-element-b753c25 elementor-widget-divider--view-line elementor-widget elementor-widget-divider\" data-id=\"b753c25\" data-element_type=\"widget\" data-widget_type=\"divider.default\">\n\t\t\t\t<div class=\"elementor-widget-container\">\n\t\t\t\t\t<div class=\"elementor-divider\">\n\t\t\t<span class=\"elementor-divider-separator\">\n\t\t\t\t\t\t<\/span>\n\t\t<\/div>\n\t\t\t\t<\/div>\n\t\t\t\t<\/div>\n\t\t\t\t<div class=\"elementor-element elementor-element-b374768 elementor-widget elementor-widget-text-editor\" data-id=\"b374768\" data-element_type=\"widget\" data-widget_type=\"text-editor.default\">\n\t\t\t\t<div class=\"elementor-widget-container\">\n\t\t\t\t\t\t\t<p>Nuestro equipo de especialistas se encargar\u00e1n de dejar tu veh\u00edculo como el primer d\u00eda.<\/p>\t\t\t\t\t\t<\/div>\n\t\t\t\t<\/div>\n\t\t\t\t\t<\/div>\n\t\t\t\t<\/div>\n\t\t<div class=\"elementor-element elementor-element-d9bf446 e-flex e-con-boxed e-con e-child\" data-id=\"d9bf446\" data-element_type=\"container\" data-settings=\"{&quot;background_background&quot;:&quot;classic&quot;}\">\n\t\t\t\t\t<div class=\"e-con-inner\">\n\t\t\t\t<div class=\"elementor-element elementor-element-aa328d8 elementor-widget elementor-widget-image\" data-id=\"aa328d8\" data-element_type=\"widget\" data-widget_type=\"image.default\">\n\t\t\t\t<div class=\"elementor-widget-container\">\n\t\t\t\t\t\t\t\t\t\t\t\t\t<img decoding=\"async\" width=\"512\" height=\"512\" src=\"https:\/\/satelitalautomotriz.com\/dercocenter\/wp-content\/uploads\/2024\/04\/Mantenimiento-Preventivo-Convertido.png\" class=\"attachment-full size-full wp-image-6094\" alt=\"\" srcset=\"https:\/\/satelitalautomotriz.com\/dercocenter\/wp-content\/uploads\/2024\/04\/Mantenimiento-Preventivo-Convertido.png 512w, https:\/\/satelitalautomotriz.com\/dercocenter\/wp-content\/uploads\/2024\/04\/Mantenimiento-Preventivo-Convertido-300x300.png 300w, https:\/\/satelitalautomotriz.com\/dercocenter\/wp-content\/uploads\/2024\/04\/Mantenimiento-Preventivo-Convertido-150x150.png 150w, https:\/\/satelitalautomotriz.com\/dercocenter\/wp-content\/uploads\/2024\/04\/Mantenimiento-Preventivo-Convertido-100x100.png 100w, https:\/\/satelitalautomotriz.com\/dercocenter\/wp-content\/uploads\/2024\/04\/Mantenimiento-Preventivo-Convertido-50x50.png 50w\" sizes=\"(max-width: 512px) 100vw, 512px\" \/>\t\t\t\t\t\t\t\t\t\t\t\t\t<\/div>\n\t\t\t\t<\/div>\n\t\t\t\t<div class=\"elementor-element elementor-element-ce35bad elementor-widget elementor-widget-heading\" data-id=\"ce35bad\" data-element_type=\"widget\" data-widget_type=\"heading.default\">\n\t\t\t\t<div class=\"elementor-widget-container\">\n\t\t\t<h2 class=\"elementor-heading-title elementor-size-default\">Mantenimiento <font color=\"#E20613\"><br>Preventivo<\/font><\/h2>\t\t<\/div>\n\t\t\t\t<\/div>\n\t\t\t\t<div class=\"elementor-element elementor-element-650e1ec elementor-widget-divider--view-line elementor-widget elementor-widget-divider\" data-id=\"650e1ec\" data-element_type=\"widget\" data-widget_type=\"divider.default\">\n\t\t\t\t<div class=\"elementor-widget-container\">\n\t\t\t\t\t<div class=\"elementor-divider\">\n\t\t\t<span class=\"elementor-divider-separator\">\n\t\t\t\t\t\t<\/span>\n\t\t<\/div>\n\t\t\t\t<\/div>\n\t\t\t\t<\/div>\n\t\t\t\t<div class=\"elementor-element elementor-element-6a84f0f elementor-widget elementor-widget-text-editor\" data-id=\"6a84f0f\" data-element_type=\"widget\" data-widget_type=\"text-editor.default\">\n\t\t\t\t<div class=\"elementor-widget-container\">\n\t\t\t\t\t\t\t<p>Realiza el mantenimiento de tu veh\u00edculo para prevenir posibles fallas futuras. <\/p>\t\t\t\t\t\t<\/div>\n\t\t\t\t<\/div>\n\t\t\t\t<div class=\"elementor-element elementor-element-2357de2 elementor-align-justify elementor-widget__width-initial elementor-widget elementor-widget-button\" data-id=\"2357de2\" data-element_type=\"widget\" data-widget_type=\"button.default\">\n\t\t\t\t<div class=\"elementor-widget-container\">\n\t\t\t\t\t\t\t<div class=\"elementor-button-wrapper\">\n\t\t\t\t\t<a class=\"elementor-button elementor-button-link elementor-size-sm elementor-animation-shrink\" href=\"http:\/\/wa.me\/51933613107\" target=\"_blank\" rel=\"noopener\">\n\t\t\t\t\t\t<span class=\"elementor-button-content-wrapper\">\n\t\t\t\t\t\t<span class=\"elementor-button-icon\">\n\t\t\t\t<i aria-hidden=\"true\" class=\"fab fa-whatsapp\"><\/i>\t\t\t<\/span>\n\t\t\t\t\t\t\t\t\t<span class=\"elementor-button-text\"> Agenda tu Cita<\/span>\n\t\t\t\t\t<\/span>\n\t\t\t\t\t<\/a>\n\t\t\t\t<\/div>\n\t\t\t\t\t\t<\/div>\n\t\t\t\t<\/div>\n\t\t\t\t\t<\/div>\n\t\t\t\t<\/div>\n\t\t<div class=\"elementor-element elementor-element-56045be e-flex e-con-boxed e-con e-child\" data-id=\"56045be\" data-element_type=\"container\" data-settings=\"{&quot;background_background&quot;:&quot;classic&quot;}\">\n\t\t\t\t\t<div class=\"e-con-inner\">\n\t\t\t\t<div class=\"elementor-element elementor-element-a2ae405 elementor-widget elementor-widget-image\" data-id=\"a2ae405\" data-element_type=\"widget\" data-widget_type=\"image.default\">\n\t\t\t\t<div class=\"elementor-widget-container\">\n\t\t\t\t\t\t\t\t\t\t\t\t\t<img decoding=\"async\" width=\"512\" height=\"512\" src=\"https:\/\/satelitalautomotriz.com\/dercocenter\/wp-content\/uploads\/2024\/04\/Accesorios-y-Repuestos-Convertido.png\" class=\"attachment-full size-full wp-image-6095\" alt=\"\" srcset=\"https:\/\/satelitalautomotriz.com\/dercocenter\/wp-content\/uploads\/2024\/04\/Accesorios-y-Repuestos-Convertido.png 512w, https:\/\/satelitalautomotriz.com\/dercocenter\/wp-content\/uploads\/2024\/04\/Accesorios-y-Repuestos-Convertido-300x300.png 300w, https:\/\/satelitalautomotriz.com\/dercocenter\/wp-content\/uploads\/2024\/04\/Accesorios-y-Repuestos-Convertido-150x150.png 150w, https:\/\/satelitalautomotriz.com\/dercocenter\/wp-content\/uploads\/2024\/04\/Accesorios-y-Repuestos-Convertido-100x100.png 100w, https:\/\/satelitalautomotriz.com\/dercocenter\/wp-content\/uploads\/2024\/04\/Accesorios-y-Repuestos-Convertido-50x50.png 50w\" sizes=\"(max-width: 512px) 100vw, 512px\" \/>\t\t\t\t\t\t\t\t\t\t\t\t\t<\/div>\n\t\t\t\t<\/div>\n\t\t\t\t<div class=\"elementor-element elementor-element-f62635c elementor-widget elementor-widget-heading\" data-id=\"f62635c\" data-element_type=\"widget\" data-widget_type=\"heading.default\">\n\t\t\t\t<div class=\"elementor-widget-container\">\n\t\t\t<h2 class=\"elementor-heading-title elementor-size-default\">Accesorios y <font color=\"#E20613\"><br>Repuestos<\/font><\/h2>\t\t<\/div>\n\t\t\t\t<\/div>\n\t\t\t\t<div class=\"elementor-element elementor-element-1c08172 elementor-widget-divider--view-line elementor-widget elementor-widget-divider\" data-id=\"1c08172\" data-element_type=\"widget\" data-widget_type=\"divider.default\">\n\t\t\t\t<div class=\"elementor-widget-container\">\n\t\t\t\t\t<div class=\"elementor-divider\">\n\t\t\t<span class=\"elementor-divider-separator\">\n\t\t\t\t\t\t<\/span>\n\t\t<\/div>\n\t\t\t\t<\/div>\n\t\t\t\t<\/div>\n\t\t\t\t<div class=\"elementor-element elementor-element-73fb73a elementor-widget elementor-widget-text-editor\" data-id=\"73fb73a\" data-element_type=\"widget\" data-widget_type=\"text-editor.default\">\n\t\t\t\t<div class=\"elementor-widget-container\">\n\t\t\t\t\t\t\t<p>Contamos con una amplia variedad de repuestos y accesorios para tu veh\u00edculo.<\/p>\t\t\t\t\t\t<\/div>\n\t\t\t\t<\/div>\n\t\t\t\t\t<\/div>\n\t\t\t\t<\/div>\n\t\t\t\t\t<\/div>\n\t\t\t\t<\/div>\n\t\t\t\t\t<\/div>\n\t\t\t\t<\/div>\n\t\t<div class=\"elementor-element elementor-element-e0befde e-flex e-con-boxed e-con e-parent\" data-id=\"e0befde\" data-element_type=\"container\">\n\t\t\t\t\t<div class=\"e-con-inner\">\n\t\t\t\t<div class=\"elementor-element elementor-element-17903f7 elementor-widget elementor-widget-image\" data-id=\"17903f7\" data-element_type=\"widget\" data-widget_type=\"image.default\">\n\t\t\t\t<div class=\"elementor-widget-container\">\n\t\t\t\t\t\t\t\t\t\t\t\t\t<img loading=\"lazy\" decoding=\"async\" width=\"1639\" height=\"302\" src=\"https:\/\/satelitalautomotriz.com\/dercocenter\/wp-content\/uploads\/2024\/03\/car-24.png\" class=\"attachment-full size-full wp-image-5954\" alt=\"\" srcset=\"https:\/\/satelitalautomotriz.com\/dercocenter\/wp-content\/uploads\/2024\/03\/car-24.png 1639w, https:\/\/satelitalautomotriz.com\/dercocenter\/wp-content\/uploads\/2024\/03\/car-24-300x55.png 300w, https:\/\/satelitalautomotriz.com\/dercocenter\/wp-content\/uploads\/2024\/03\/car-24-1024x189.png 1024w, https:\/\/satelitalautomotriz.com\/dercocenter\/wp-content\/uploads\/2024\/03\/car-24-768x142.png 768w, https:\/\/satelitalautomotriz.com\/dercocenter\/wp-content\/uploads\/2024\/03\/car-24-1536x283.png 1536w, https:\/\/satelitalautomotriz.com\/dercocenter\/wp-content\/uploads\/2024\/03\/car-24-600x111.png 600w\" sizes=\"(max-width: 1639px) 100vw, 1639px\" \/>\t\t\t\t\t\t\t\t\t\t\t\t\t<\/div>\n\t\t\t\t<\/div>\n\t\t\t\t\t<\/div>\n\t\t\t\t<\/div>\n\t\t\t\t<\/div>\n\t\t","protected":false},"excerpt":{"rendered":"<p>Servicios Equipo Especializado Nuestro equipo de especialistas se encargar\u00e1n de dejar tu veh\u00edculo como el primer d\u00eda. Mantenimiento Preventivo Realiza el mantenimiento de tu veh\u00edculo para prevenir posibles fallas futuras. Agenda tu Cita Accesorios y Repuestos Contamos con una amplia variedad de repuestos y accesorios para tu veh\u00edculo.<\/p>\n","protected":false},"author":1,"featured_media":0,"parent":0,"menu_order":0,"comment_status":"closed","ping_status":"closed","template":"","meta":{"_acf_changed":false,"inline_featured_image":false,"footnotes":""},"class_list":["post-6067","page","type-page","status-publish","hentry"],"acf":[],"_links":{"self":[{"href":"https:\/\/satelitalautomotriz.com\/dercocenter\/wp-json\/wp\/v2\/pages\/6067","targetHints":{"allow":["GET"]}}],"collection":[{"href":"https:\/\/satelitalautomotriz.com\/dercocenter\/wp-json\/wp\/v2\/pages"}],"about":[{"href":"https:\/\/satelitalautomotriz.com\/dercocenter\/wp-json\/wp\/v2\/types\/page"}],"author":[{"embeddable":true,"href":"https:\/\/satelitalautomotriz.com\/dercocenter\/wp-json\/wp\/v2\/users\/1"}],"replies":[{"embeddable":true,"href":"https:\/\/satelitalautomotriz.com\/dercocenter\/wp-json\/wp\/v2\/comments?post=6067"}],"version-history":[{"count":3,"href":"https:\/\/satelitalautomotriz.com\/dercocenter\/wp-json\/wp\/v2\/pages\/6067\/revisions"}],"predecessor-version":[{"id":9089,"href":"https:\/\/satelitalautomotriz.com\/dercocenter\/wp-json\/wp\/v2\/pages\/6067\/revisions\/9089"}],"wp:attachment":[{"href":"https:\/\/satelitalautomotriz.com\/dercocenter\/wp-json\/wp\/v2\/media?parent=6067"}],"curies":[{"name":"wp","href":"https:\/\/api.w.org\/{rel}","templated":true}]}}