{"id":5796,"date":"2024-03-21T21:01:03","date_gmt":"2024-03-22T02:01:03","guid":{"rendered":"https:\/\/satelitalautomotriz.com\/dercocenter\/?page_id=5796"},"modified":"2025-03-28T09:38:39","modified_gmt":"2025-03-28T14:38:39","slug":"agenda-tu-cita","status":"publish","type":"page","link":"https:\/\/satelitalautomotriz.com\/dercocenter\/agenda-tu-cita\/","title":{"rendered":"Agenda tu Cita"},"content":{"rendered":"\t\t<div data-elementor-type=\"wp-page\" data-elementor-id=\"5796\" class=\"elementor elementor-5796\" data-elementor-post-type=\"page\">\n\t\t\t\t<div class=\"elementor-element elementor-element-cbb35a7 e-con-full e-flex e-con e-parent\" data-id=\"cbb35a7\" data-element_type=\"container\">\n\t\t<div class=\"elementor-element elementor-element-75ad7de e-con-full e-flex e-con e-child\" data-id=\"75ad7de\" data-element_type=\"container\">\n\t\t\t\t<div class=\"elementor-element elementor-element-372381b elementor-widget elementor-widget-image\" data-id=\"372381b\" data-element_type=\"widget\" data-widget_type=\"image.default\">\n\t\t\t\t<div class=\"elementor-widget-container\">\n\t\t\t\t\t\t\t\t\t\t\t\t\t<img fetchpriority=\"high\" decoding=\"async\" width=\"1024\" height=\"1280\" src=\"https:\/\/satelitalautomotriz.com\/dercocenter\/wp-content\/uploads\/2024\/03\/cita-Photoroom-1.jpg\" class=\"attachment-full size-full wp-image-5855\" alt=\"\" srcset=\"https:\/\/satelitalautomotriz.com\/dercocenter\/wp-content\/uploads\/2024\/03\/cita-Photoroom-1.jpg 1024w, https:\/\/satelitalautomotriz.com\/dercocenter\/wp-content\/uploads\/2024\/03\/cita-Photoroom-1-240x300.jpg 240w, https:\/\/satelitalautomotriz.com\/dercocenter\/wp-content\/uploads\/2024\/03\/cita-Photoroom-1-819x1024.jpg 819w, https:\/\/satelitalautomotriz.com\/dercocenter\/wp-content\/uploads\/2024\/03\/cita-Photoroom-1-768x960.jpg 768w, https:\/\/satelitalautomotriz.com\/dercocenter\/wp-content\/uploads\/2024\/03\/cita-Photoroom-1-300x375.jpg 300w, https:\/\/satelitalautomotriz.com\/dercocenter\/wp-content\/uploads\/2024\/03\/cita-Photoroom-1-600x750.jpg 600w\" sizes=\"(max-width: 1024px) 100vw, 1024px\" \/>\t\t\t\t\t\t\t\t\t\t\t\t\t<\/div>\n\t\t\t\t<\/div>\n\t\t\t\t<\/div>\n\t\t<div class=\"elementor-element elementor-element-5e7a0bc e-con-full e-flex e-con e-child\" data-id=\"5e7a0bc\" data-element_type=\"container\">\n\t\t\t\t<div class=\"elementor-element elementor-element-b1596ca elementor-widget elementor-widget-heading\" data-id=\"b1596ca\" data-element_type=\"widget\" data-widget_type=\"heading.default\">\n\t\t\t\t<div class=\"elementor-widget-container\">\n\t\t\t<h2 class=\"elementor-heading-title elementor-size-default\">Agenda tu Cita<\/h2>\t\t<\/div>\n\t\t\t\t<\/div>\n\t\t\t\t<div class=\"elementor-element elementor-element-4c5321e elementor-widget elementor-widget-heading\" data-id=\"4c5321e\" data-element_type=\"widget\" data-widget_type=\"heading.default\">\n\t\t\t\t<div class=\"elementor-widget-container\">\n\t\t\t<h5 class=\"elementor-heading-title elementor-size-default\">Agenda tu cita de mantenimiento para tu veh\u00edculo con 24 hora m\u00ednimo de anticipaci\u00f3n o al 933 613 107<\/h5>\t\t<\/div>\n\t\t\t\t<\/div>\n\t\t\t\t<div class=\"elementor-element elementor-element-2599ec7 elementor-widget elementor-widget-wpforms\" data-id=\"2599ec7\" data-element_type=\"widget\" data-widget_type=\"wpforms.default\">\n\t\t\t\t<div class=\"elementor-widget-container\">\n\t\t\t<style id=\"wpforms-css-vars-root\">\n\t\t\t\t:root {\n\t\t\t\t\t--wpforms-field-border-radius: 3px;\n--wpforms-field-background-color: #ffffff;\n--wpforms-field-border-color: rgba( 0, 0, 0, 0.25 );\n--wpforms-field-text-color: rgba( 0, 0, 0, 0.7 );\n--wpforms-label-color: rgba( 0, 0, 0, 0.85 );\n--wpforms-label-sublabel-color: rgba( 0, 0, 0, 0.55 );\n--wpforms-label-error-color: #d63637;\n--wpforms-button-border-radius: 3px;\n--wpforms-button-background-color: #066aab;\n--wpforms-button-text-color: #ffffff;\n--wpforms-page-break-color: #066aab;\n--wpforms-field-size-input-height: 43px;\n--wpforms-field-size-input-spacing: 15px;\n--wpforms-field-size-font-size: 16px;\n--wpforms-field-size-line-height: 19px;\n--wpforms-field-size-padding-h: 14px;\n--wpforms-field-size-checkbox-size: 16px;\n--wpforms-field-size-sublabel-spacing: 5px;\n--wpforms-field-size-icon-size: 1;\n--wpforms-label-size-font-size: 16px;\n--wpforms-label-size-line-height: 19px;\n--wpforms-label-size-sublabel-font-size: 14px;\n--wpforms-label-size-sublabel-line-height: 17px;\n--wpforms-button-size-font-size: 17px;\n--wpforms-button-size-height: 41px;\n--wpforms-button-size-padding-h: 15px;\n--wpforms-button-size-margin-top: 10px;\n\n\t\t\t\t}\n\t\t\t<\/style><style id=\"wpforms-css-vars-elementor-widget-2599ec7\">\n\t\t\t\t.elementor-widget-wpforms.elementor-element-2599ec7 {\n\t\t\t\t\t--wpforms-button-background-color: #E20613;\n--wpforms-field-size-input-height: 43px;\n--wpforms-field-size-input-spacing: 15px;\n--wpforms-field-size-font-size: 16px;\n--wpforms-field-size-line-height: 19px;\n--wpforms-field-size-padding-h: 14px;\n--wpforms-field-size-checkbox-size: 16px;\n--wpforms-field-size-sublabel-spacing: 5px;\n--wpforms-field-size-icon-size: 1;\n--wpforms-label-size-font-size: 16px;\n--wpforms-label-size-line-height: 19px;\n--wpforms-label-size-sublabel-font-size: 14px;\n--wpforms-label-size-sublabel-line-height: 17px;\n--wpforms-button-size-font-size: 17px;\n--wpforms-button-size-height: 41px;\n--wpforms-button-size-padding-h: 15px;\n--wpforms-button-size-margin-top: 10px;\n\n\t\t\t\t}\n\t\t\t<\/style><div class=\"wpforms-container wpforms-container-full wpforms-render-modern\" id=\"wpforms-5823\"><form id=\"wpforms-form-5823\" class=\"wpforms-validate wpforms-form wpforms-ajax-form\" data-formid=\"5823\" method=\"post\" enctype=\"multipart\/form-data\" action=\"\/dercocenter\/wp-json\/wp\/v2\/pages\/5796\"><noscript class=\"wpforms-error-noscript\">Por favor, activa JavaScript en tu navegador para completar este formulario.<\/noscript><div class=\"wpforms-hidden\" id=\"wpforms-error-noscript\">Por favor, activa JavaScript en tu navegador para completar este formulario.<\/div><div class=\"wpforms-field-container\"><div id=\"wpforms-5823-field_1-container\" class=\"wpforms-field wpforms-field-name\" data-field-id=\"1\"><fieldset><legend class=\"wpforms-field-label\">Nombres y Apellidos <span class=\"wpforms-required-label\" aria-hidden=\"true\">*<\/span><\/legend><div class=\"wpforms-field-row wpforms-field-large\"><div class=\"wpforms-field-row-block wpforms-first wpforms-one-half\"><input type=\"text\" id=\"wpforms-5823-field_1\" class=\"wpforms-field-name-first wpforms-field-required\" name=\"wpforms[fields][1][first]\" aria-errormessage=\"wpforms-5823-field_1-error\" required><label for=\"wpforms-5823-field_1\" class=\"wpforms-field-sublabel after wpforms-sublabel-hide\">Nombre<\/label><\/div><div class=\"wpforms-field-row-block wpforms-one-half\"><input type=\"text\" id=\"wpforms-5823-field_1-last\" class=\"wpforms-field-name-last wpforms-field-required\" name=\"wpforms[fields][1][last]\" aria-errormessage=\"wpforms-5823-field_1-last-error\" required><label for=\"wpforms-5823-field_1-last\" class=\"wpforms-field-sublabel after wpforms-sublabel-hide\">Apellidos<\/label><\/div><\/div><\/fieldset><\/div><div id=\"wpforms-5823-field_2-container\" class=\"wpforms-field wpforms-field-phone\" data-field-id=\"2\"><label class=\"wpforms-field-label\" for=\"wpforms-5823-field_2\">Tel\u00e9fono <span class=\"wpforms-required-label\" aria-hidden=\"true\">*<\/span><\/label><input type=\"tel\" id=\"wpforms-5823-field_2\" class=\"wpforms-field-large wpforms-field-required wpforms-smart-phone-field\" data-rule-smart-phone-field=\"true\" name=\"wpforms[fields][2]\" aria-errormessage=\"wpforms-5823-field_2-error\" required><\/div><div id=\"wpforms-5823-field_3-container\" class=\"wpforms-field wpforms-field-select wpforms-field-select-style-modern\" data-field-id=\"3\"><label class=\"wpforms-field-label\" for=\"wpforms-5823-field_3\">Marca <span class=\"wpforms-required-label\" aria-hidden=\"true\">*<\/span><\/label><select id=\"wpforms-5823-field_3\" class=\"wpforms-field-large wpforms-field-required choicesjs-select\" data-size-class=\"wpforms-field-row wpforms-field-large\" data-search-enabled=\"\" name=\"wpforms[fields][3]\" required=\"required\"><option value=\"\" class=\"placeholder\" disabled  selected='selected'>CHANGAN<\/option><option value=\"CHANGAN\" >CHANGAN<\/option><option value=\"GREAT WALL\" >GREAT WALL<\/option><option value=\"HAVAL\" >HAVAL<\/option><option value=\"JAC\" >JAC<\/option><option value=\"RENAULT\" >RENAULT<\/option><option value=\"SUZUKI\" >SUZUKI<\/option><\/select><\/div><div id=\"wpforms-5823-field_4-container\" class=\"wpforms-field wpforms-field-select wpforms-field-select-style-modern\" data-field-id=\"4\"><label class=\"wpforms-field-label\" for=\"wpforms-5823-field_4\">Ciudad <span class=\"wpforms-required-label\" aria-hidden=\"true\">*<\/span><\/label><select id=\"wpforms-5823-field_4\" class=\"wpforms-field-large wpforms-field-required choicesjs-select\" data-size-class=\"wpforms-field-row wpforms-field-large\" data-search-enabled=\"\" name=\"wpforms[fields][4]\" required=\"required\"><option value=\"\" class=\"placeholder\" disabled  selected='selected'>Lima<\/option><option value=\"Lima\" >Lima<\/option><\/select><\/div><div id=\"wpforms-5823-field_5-container\" class=\"wpforms-field wpforms-field-select wpforms-field-select-style-modern\" data-field-id=\"5\"><label class=\"wpforms-field-label\" for=\"wpforms-5823-field_5\">Taller <span class=\"wpforms-required-label\" aria-hidden=\"true\">*<\/span><\/label><select id=\"wpforms-5823-field_5\" class=\"wpforms-field-large wpforms-field-required choicesjs-select\" data-size-class=\"wpforms-field-row wpforms-field-large\" data-search-enabled=\"\" name=\"wpforms[fields][5]\" required=\"required\"><option value=\"\" class=\"placeholder\" disabled  selected='selected'>Chorrillos (Av. Defensores del Morro 28, Lima)<\/option><option value=\"Chorrillos (Av. Defensores del Morro 28, Lima)\" >Chorrillos (Av. Defensores del Morro 28, Lima)<\/option><\/select><\/div><div id=\"wpforms-5823-field_6-container\" class=\"wpforms-field wpforms-field-select wpforms-field-select-style-modern\" data-field-id=\"6\"><label class=\"wpforms-field-label\" for=\"wpforms-5823-field_6\">Tipo de Servicio <span class=\"wpforms-required-label\" aria-hidden=\"true\">*<\/span><\/label><select id=\"wpforms-5823-field_6\" class=\"wpforms-field-large wpforms-field-required choicesjs-select\" data-size-class=\"wpforms-field-row wpforms-field-large\" data-search-enabled=\"\" name=\"wpforms[fields][6]\" required=\"required\"><option value=\"\" class=\"placeholder\" disabled  selected='selected'>Reparaciones mec\u00e1nicas<\/option><option value=\"Reparaciones mec\u00e1nicas\" >Reparaciones mec\u00e1nicas<\/option><option value=\"Mantenimiento preventivo\" >Mantenimiento preventivo<\/option><\/select><\/div><div id=\"wpforms-5823-field_7-container\" class=\"wpforms-field wpforms-field-text\" data-field-id=\"7\"><label class=\"wpforms-field-label\" for=\"wpforms-5823-field_7\">kilometraje <span class=\"wpforms-required-label\" aria-hidden=\"true\">*<\/span><\/label><input type=\"text\" id=\"wpforms-5823-field_7\" class=\"wpforms-field-large wpforms-field-required\" name=\"wpforms[fields][7]\" aria-errormessage=\"wpforms-5823-field_7-error\" required><\/div><div id=\"wpforms-5823-field_8-container\" class=\"wpforms-field wpforms-field-date-time\" data-field-id=\"8\"><fieldset><legend class=\"wpforms-field-label\">Fecha \/ Hora <span class=\"wpforms-required-label\" aria-hidden=\"true\">*<\/span><\/legend><div class=\"wpforms-field-row wpforms-field-large\"><div class=\"wpforms-field-row-block wpforms-date-type-datepicker\"><div class=\"wpforms-datepicker-wrap\"><input type=\"text\" id=\"wpforms-5823-field_8\" class=\"wpforms-field-date-time-date wpforms-datepicker wpforms-field-required\" data-date-format=\"m\/d\/Y\" data-limit-days=\"mon,tue,wed,thu,fri,sat\" data-disable-past-dates=\"0\" data-input=\"true\" name=\"wpforms[fields][8][date]\" aria-errormessage=\"wpforms-5823-field_8-error\" aria-describedby=\"wpforms-5823-field_8-description\" required><a title=\"Borrar fecha\" data-clear class=\"wpforms-datepicker-clear\" style=\"display:none;\"><\/a><\/div><label for=\"wpforms-5823-field_8\" class=\"wpforms-field-sublabel after \">Fecha<\/label><\/div><div class=\"wpforms-field-row-block\"><input type=\"text\" id=\"wpforms-5823-field_8-time\" class=\"wpforms-field-date-time-time wpforms-timepicker wpforms-field-required\" data-time-format=\"g:i A\" data-step=\"30\" data-rule-time12h=\"true\" data-min-time=\"07:30am\" data-max-time=\"05:00pm\" data-rule-time-limit=\"true\" name=\"wpforms[fields][8][time]\" aria-errormessage=\"wpforms-5823-field_8-time-error\" aria-describedby=\"wpforms-5823-field_8-description\" required><label for=\"wpforms-5823-field_8-time\" class=\"wpforms-field-sublabel after \">Hora<\/label><\/div><\/div><div id=\"wpforms-5823-field_8-description\" class=\"wpforms-field-description\"><b>*Lun a Vier de 7:30 AM a 5:00 PM \u00a0 \/ \u00a0 S\u00e1b de 8:00 AM a 12:00 PM<\/b><\/div><\/fieldset><\/div><div id=\"wpforms-5823-field_10-container\" class=\"wpforms-field wpforms-field-text\" data-field-id=\"10\"><label class=\"wpforms-field-label\" for=\"wpforms-5823-field_10\">Documento de Identidad o RUC <span class=\"wpforms-required-label\" aria-hidden=\"true\">*<\/span><\/label><input type=\"text\" id=\"wpforms-5823-field_10\" class=\"wpforms-field-large wpforms-field-required\" name=\"wpforms[fields][10]\" aria-errormessage=\"wpforms-5823-field_10-error\" required><\/div><div id=\"wpforms-5823-field_11-container\" class=\"wpforms-field wpforms-field-text\" data-field-id=\"11\"><label class=\"wpforms-field-label\" for=\"wpforms-5823-field_11\">Placa <span class=\"wpforms-required-label\" aria-hidden=\"true\">*<\/span><\/label><input type=\"text\" id=\"wpforms-5823-field_11\" class=\"wpforms-field-large wpforms-field-required\" name=\"wpforms[fields][11]\" aria-errormessage=\"wpforms-5823-field_11-error\" required><\/div><\/div><!-- .wpforms-field-container --><div class=\"wpforms-recaptcha-container wpforms-is-recaptcha wpforms-is-recaptcha-type-v2\" ><div class=\"g-recaptcha\" data-sitekey=\"6LcRbbYpAAAAAKscTflaEPuq9HjhnO4ShjcZcR7g\"><\/div><input type=\"text\" name=\"g-recaptcha-hidden\" class=\"wpforms-recaptcha-hidden\" style=\"position:absolute!important;clip:rect(0,0,0,0)!important;height:1px!important;width:1px!important;border:0!important;overflow:hidden!important;padding:0!important;margin:0!important;\" data-rule-recaptcha=\"1\"><\/div><div class=\"wpforms-submit-container\" ><input type=\"hidden\" name=\"wpforms[id]\" value=\"5823\"><input type=\"hidden\" name=\"wpforms[author]\" value=\"1\"><input type=\"hidden\" class=\"wpforms-token\" name=\"wpforms[token]\" value=\"2498ec33e802c358fe80edca315881f5\" \/><button type=\"submit\" name=\"wpforms[submit]\" id=\"wpforms-submit-5823\" class=\"wpforms-submit\" data-alt-text=\"Enviando...\" data-submit-text=\"Enviar\" aria-live=\"assertive\" value=\"wpforms-submit\">Enviar<\/button><img decoding=\"async\" src=\"https:\/\/satelitalautomotriz.com\/dercocenter\/wp-content\/plugins\/wpforms\/assets\/images\/submit-spin.svg\" class=\"wpforms-submit-spinner\" style=\"display: none;\" width=\"26\" height=\"26\" alt=\"Cargando\"><\/div><\/form><\/div>  <!-- .wpforms-container -->\t\t<\/div>\n\t\t\t\t<\/div>\n\t\t\t\t<div class=\"elementor-element elementor-element-706c8ca elementor-widget elementor-widget-text-editor\" data-id=\"706c8ca\" data-element_type=\"widget\" data-widget_type=\"text-editor.default\">\n\t\t\t\t<div class=\"elementor-widget-container\">\n\t\t\t\t\t\t\t<p><strong>Observaciones espec\u00edficas por tipo de trabajo:<\/strong><\/p><ol><li><em><span style=\"text-decoration: underline;\"><strong>Mantenimiento preventivo:<\/strong><\/span><\/em><p>Servicios preventivos requeridos por el fabricante a partir de 5mil o 10mil kms en adelante, seg\u00fan la marca del veh\u00edculo.<\/p><\/li><li><span style=\"text-decoration: underline;\"><em><strong>Mantenimiento correctivo:<\/strong><\/em><\/span><p>Dercocenter Chorrillos no realiza trabajos de alineamiento, reparaci\u00f3n demotor, caja de transmisi\u00f3n ni aire acondicionado<\/p><\/li><li><span style=\"text-decoration: underline;\"><em><strong>Activaci\u00f3n de sistema GLP:<\/strong><\/em><\/span><p>Servicio disponible SOLO para activaci\u00f3n de sistema GLP. La unidad debe ingresar al taller con una recarga m\u00ednima de S\/.20 soles en el tanque de gas. Si su veh\u00edculo tiene sistema GNV, debe reservar su cita en el local de Derco ATE.<\/p><\/li><li><span style=\"text-decoration: underline;\"><em><strong>Activaci\u00f3n de sistema GNV:<\/strong><\/em><\/span><p>Servicio disponible SOLO en el local de Derco ATE. La activaci\u00f3n de sistema GNV solo se puede realizar de Lunes a Viernes (no s\u00e1bado<\/p><\/li><\/ol>\t\t\t\t\t\t<\/div>\n\t\t\t\t<\/div>\n\t\t\t\t<\/div>\n\t\t\t\t<\/div>\n\t\t\t\t<\/div>\n\t\t","protected":false},"excerpt":{"rendered":"<p>Agenda tu Cita Agenda tu cita de mantenimiento para tu veh\u00edculo con 24 hora m\u00ednimo de anticipaci\u00f3n o al 933 613 107 Por favor, activa JavaScript en tu navegador para completar este formulario.Por favor, activa JavaScript en tu navegador para completar este formulario. Nombres y Apellidos * NombreApellidos Tel\u00e9fono *Marca *CHANGANCHANGANGREAT WALLHAVALJACRENAULTSUZUKICiudad *LimaLimaTaller *Chorrillos (Av. [&hellip;]<\/p>\n","protected":false},"author":1,"featured_media":0,"parent":0,"menu_order":0,"comment_status":"closed","ping_status":"closed","template":"","meta":{"_acf_changed":false,"inline_featured_image":false,"footnotes":""},"class_list":["post-5796","page","type-page","status-publish","hentry"],"acf":[],"_links":{"self":[{"href":"https:\/\/satelitalautomotriz.com\/dercocenter\/wp-json\/wp\/v2\/pages\/5796","targetHints":{"allow":["GET"]}}],"collection":[{"href":"https:\/\/satelitalautomotriz.com\/dercocenter\/wp-json\/wp\/v2\/pages"}],"about":[{"href":"https:\/\/satelitalautomotriz.com\/dercocenter\/wp-json\/wp\/v2\/types\/page"}],"author":[{"embeddable":true,"href":"https:\/\/satelitalautomotriz.com\/dercocenter\/wp-json\/wp\/v2\/users\/1"}],"replies":[{"embeddable":true,"href":"https:\/\/satelitalautomotriz.com\/dercocenter\/wp-json\/wp\/v2\/comments?post=5796"}],"version-history":[{"count":0,"href":"https:\/\/satelitalautomotriz.com\/dercocenter\/wp-json\/wp\/v2\/pages\/5796\/revisions"}],"wp:attachment":[{"href":"https:\/\/satelitalautomotriz.com\/dercocenter\/wp-json\/wp\/v2\/media?parent=5796"}],"curies":[{"name":"wp","href":"https:\/\/api.w.org\/{rel}","templated":true}]}}